{"id":781,"date":"2017-02-09T08:45:13","date_gmt":"2017-02-09T08:45:13","guid":{"rendered":"http:\/\/dummy.xtemos.com\/basel\/vers\/?page_id=781"},"modified":"2021-06-09T18:15:21","modified_gmt":"2021-06-09T15:15:21","slug":"hakkimizda","status":"publish","type":"page","link":"http:\/\/omerkoltuk.com\/index.php\/hakkimizda\/","title":{"rendered":"Hakk\u0131m\u0131zda"},"content":{"rendered":"<p>[vc_row full_width=&#8221;stretch_row_content_no_spaces&#8221;][vc_column][vc_single_image image=&#8221;1934&#8243; img_size=&#8221;800&#215;600&#8243; alignment=&#8221;center&#8221;][\/vc_column][\/vc_row][vc_row full_width=&#8221;stretch_row&#8221; css=&#8221;.vc_custom_1609940123676{background-position: center !important;background-repeat: no-repeat !important;background-size: cover !important;}&#8221;][vc_column][vc_column_text css_animation=&#8221;right-to-left&#8221; css=&#8221;.vc_custom_1623251586802{padding-top: 50px !important;padding-bottom: 50px !important;}&#8221;]<\/p>\n<p style=\"font-family: montserrat; font-size: 25px; text-align: left;\">Hakk\u0131m\u0131zda<\/p>\n<p style=\"font-family: montserrat; text-align: left;\">Daima y\u00fcksek kalitede \u00fcretim yapmay\u0131 ama\u00e7layan, s\u00fcrekli geli\u015fen teknoloji ile birlikte geli\u015fmeyi kendine ama\u00e7 ve ilke edinen firmam\u0131z i\u00e7in, m\u00fc\u015fteri memnuniyetini her zaman \u00f6n planda tutmak ve kalite y\u00f6netim sistemi \u015fartlar\u0131na uymak \u00f6ncelikli g\u00f6revimizdir.<\/p>\n<p style=\"text-align: left; font-family: montserrat;\">Kaliteli \u00fcr\u00fcn ya da hizmet, rastlant\u0131lar\u0131n de\u011fil, sistemli \u00e7al\u0131\u015fmalar\u0131n sonucudur. \u0130malat alan\u0131m\u0131z ve makinelerimiz, uzman kadrolarla birlikte s\u00fcrekli yenilenmektedir. Bu da \u00fcretim saham\u0131z\u0131n s\u00fcrekli ve g\u00fc\u00e7l\u00fc bir \u015fekilde b\u00fcy\u00fcd\u00fc\u011f\u00fcn\u00fcn g\u00f6stergesidir.<\/p>\n<p style=\"text-align: left; font-family: montserrat;\">Misyonumuz, y\u00fcksek standartlarda, yenilik\u00e7i \u00fcretim ve \u00dcr\u00fcnleri s\u00fcrekli geli\u015ftirip, farkl\u0131 ya\u015fama bi\u00e7imlerinin kullan\u0131m al\u0131\u015fkanl\u0131klar\u0131na uygun \u00fcretmektir.<\/p>\n<p style=\"text-align: left; font-family: montserrat;\">\u00dcr\u00fcnlerimizi uzman personel ekiplerle \u00fcretip \u00e7e\u015fitli denetimlerden ge\u00e7irdikten sonra eksiksiz paketleme sistemi ile sizlere ula\u015ft\u0131rmaktay\u0131z.<\/p>\n<p style=\"text-align: left; font-family: montserrat;\">\u00dcr\u00fcnlerimizden memnuniyetinizin uzun y\u0131llar s\u00fcrmesi i\u00e7in elimizden geleni yapmaya devam edece\u011fiz?<\/p>\n<p style=\"text-align: left; font-family: montserrat;\">K\u0131sacas\u0131 sizler hayal ediyorsunuz , \u00d6mer Koltuk hayata ge\u00e7iriyor.<\/p>\n<p>[\/vc_column_text][vc_column_text css_animation=&#8221;right-to-left&#8221; css=&#8221;.vc_custom_1623251719471{padding-top: 50px !important;padding-bottom: 50px !important;}&#8221;]<\/p>\n<p style=\"font-family: montserrat; font-size: 25px; text-align: left;\">Kalite Politikam\u0131z<\/p>\n<p style=\"font-family: montserrat; text-align: left;\">Misyonumuz, y\u00fcksek standartlarda, yenilik\u00e7i \u00fcretim ve \u00dcr\u00fcnleri s\u00fcrekli geli\u015ftirip, farkl\u0131 ya\u015fama bi\u00e7imlerinin kullan\u0131m al\u0131\u015fkanl\u0131klar\u0131na uygun \u00fcretmektir.<\/p>\n<p style=\"text-align: left; font-family: montserrat;\">\u00dcr\u00fcnlerimizden memnuniyetinizin uzun y\u0131llar s\u00fcrmesi i\u00e7in elimizden geleni yapmaya devam edece\u011fiz?.<\/p>\n<p style=\"text-align: left; font-family: montserrat;\">\u00dcr\u00fcnlerimizi uzman personel ekiplerle \u00fcretip \u00e7e\u015fitli denetimlerden ge\u00e7irdikten sonra eksiksiz paketleme sistemi ile sizlere ula\u015ft\u0131rmaktay\u0131z.<\/p>\n<p>[\/vc_column_text][\/vc_column][\/vc_row]<\/p>\n","protected":false},"excerpt":{"rendered":"<p>[vc_row full_width=&#8221;stretch_row_content_no_spaces&#8221;][vc_column][vc_single_image image=&#8221;1934&#8243; img_size=&#8221;800&#215;600&#8243; alignment=&#8221;center&#8221;][\/vc_column][\/vc_row][vc_row full_width=&#8221;stretch_row&#8221; css=&#8221;.vc_custom_1609940123676{background-position: center !important;background-repeat: no-repeat !important;background-size: cover !important;}&#8221;][vc_column][vc_column_text css_animation=&#8221;right-to-left&#8221; css=&#8221;.vc_custom_1623251586802{padding-top: 50px !important;padding-bottom: 50px !important;}&#8221;] Hakk\u0131m\u0131zda<\/p>\n","protected":false},"author":1,"featured_media":0,"parent":0,"menu_order":0,"comment_status":"closed","ping_status":"closed","template":"","meta":[],"_links":{"self":[{"href":"http:\/\/omerkoltuk.com\/index.php\/wp-json\/wp\/v2\/pages\/781"}],"collection":[{"href":"http:\/\/omerkoltuk.com\/index.php\/wp-json\/wp\/v2\/pages"}],"about":[{"href":"http:\/\/omerkoltuk.com\/index.php\/wp-json\/wp\/v2\/types\/page"}],"author":[{"embeddable":true,"href":"http:\/\/omerkoltuk.com\/index.php\/wp-json\/wp\/v2\/users\/1"}],"replies":[{"embeddable":true,"href":"http:\/\/omerkoltuk.com\/index.php\/wp-json\/wp\/v2\/comments?post=781"}],"version-history":[{"count":40,"href":"http:\/\/omerkoltuk.com\/index.php\/wp-json\/wp\/v2\/pages\/781\/revisions"}],"predecessor-version":[{"id":2095,"href":"http:\/\/omerkoltuk.com\/index.php\/wp-json\/wp\/v2\/pages\/781\/revisions\/2095"}],"wp:attachment":[{"href":"http:\/\/omerkoltuk.com\/index.php\/wp-json\/wp\/v2\/media?parent=781"}],"curies":[{"name":"wp","href":"https:\/\/api.w.org\/{rel}","templated":true}]}}