{"id":1250,"date":"2018-03-15T13:43:25","date_gmt":"2018-03-15T13:43:25","guid":{"rendered":"http:\/\/dummy.xtemos.com\/basel\/vers\/?page_id=1250"},"modified":"2023-07-04T16:01:51","modified_gmt":"2023-07-04T13:01:51","slug":"home-fashion-new","status":"publish","type":"page","link":"http:\/\/omerkoltuk.com\/","title":{"rendered":"Anasayfa"},"content":{"rendered":"<p>[vc_row full_width=&#8221;stretch_row_content_no_spaces&#8221; css_animation=&#8221;fadeIn&#8221; css=&#8221;.vc_custom_1623252739554{margin-top: 40px !important;margin-bottom: 0px !important;}&#8221;][vc_column][rev_slider_vc alias=&#8221;fashion-new&#8221;][\/vc_column][\/vc_row][vc_row content_placement=&#8221;middle&#8221; css=&#8221;.vc_custom_1609851757991{margin-top: 85px !important;margin-bottom: 15px !important;}&#8221; el_id=&#8221;pc&#8221; el_class=&#8221;pc&#8221;][vc_column][vc_column_text]<\/p>\n<h1 style=\"text-align: center; font-family: Montserrat; font-weight: Bold; font-size: 28px;\">KOLEKS\u0130YONLAR<\/h1>\n<p>[\/vc_column_text][vc_separator color=&#8221;black&#8221; el_width=&#8221;60&#8243;][\/vc_column][\/vc_row][vc_row full_width=&#8221;stretch_row_content_no_spaces&#8221; content_placement=&#8221;middle&#8221; el_id=&#8221;pc&#8221;][vc_column width=&#8221;1\/2&#8243; basel_color_scheme=&#8221;dark&#8221;]\n\t\t\t<div class=\"promo-banner cursor-pointer text-center vertical-alignment-middle banner- hover- color-scheme-dark \" onclick=\"window.location.href='#'\" >\n\n\t\t\t\t<div class=\"main-wrapp-img\">\n\t\t\t\t\t<div class=\"banner-image\">\n\t\t\t\t\t\t\t\t\t\t\t\t\t\t\t\t\t\t\t\t\t<img width=\"1024\" height=\"683\" src=\"http:\/\/omerkoltuk.com\/wp-content\/uploads\/2021\/06\/0-1.png\" class=\"promo-banner-image image-1 attachment-full\" alt=\"\" loading=\"lazy\" srcset=\"http:\/\/omerkoltuk.com\/wp-content\/uploads\/2021\/06\/0-1.png 1024w, http:\/\/omerkoltuk.com\/wp-content\/uploads\/2021\/06\/0-1-300x200.png 300w, http:\/\/omerkoltuk.com\/wp-content\/uploads\/2021\/06\/0-1-768x512.png 768w\" sizes=\"(max-width: 1024px) 100vw, 1024px\" \/>\t\t\t\t\t\t\t\t\t\t\t\t\t\t\t\t\t\t<\/div>\n\t\t\t\t<\/div>\n\n\t\t\t\t<div class=\"wrapper-content-baner\">\n\t\t\t\t\t<div class=\"banner-inner\">\n\t\t\t\t\t\t<\/p>\n<h1 style=\"text-align: left; font-family: Montserrat; font-weight: Bold; font-size: 32px; margin-left: 90px;\">KOLTUK TAKIMLARIMIZ<\/h1>\n<p style=\"text-align: left; font-family: Montserrat; font-size: 16px; margin-left: 90px;\">Sade tasar\u0131m\u0131 ve evi saran auras\u0131yla<br \/>\nPrada Koltuk Tak\u0131m\u0131, size konforlu<br \/>\nbir kullan\u0131m sa\u011flar<\/p>\n<p>\n\t\t\t\t\t<\/div>\n\t\t\t\t<\/div>\n\n\t\t\t<\/div>\n\n\n\t\t[\/vc_column][vc_column width=&#8221;1\/2&#8243;]\n\t\t\t<div class=\"promo-banner text-left vertical-alignment-top banner- hover- color-scheme-light \"  >\n\n\t\t\t\t<div class=\"main-wrapp-img\">\n\t\t\t\t\t<div class=\"banner-image\">\n\t\t\t\t\t\t\t\t\t\t\t\t\t\t\t\t\t\t\t\t\t<img width=\"1575\" height=\"1050\" src=\"http:\/\/omerkoltuk.com\/wp-content\/uploads\/2021\/06\/prada-11.jpg\" class=\"promo-banner-image image-1 attachment-full\" alt=\"\" loading=\"lazy\" srcset=\"http:\/\/omerkoltuk.com\/wp-content\/uploads\/2021\/06\/prada-11.jpg 1575w, http:\/\/omerkoltuk.com\/wp-content\/uploads\/2021\/06\/prada-11-300x200.jpg 300w, http:\/\/omerkoltuk.com\/wp-content\/uploads\/2021\/06\/prada-11-1024x683.jpg 1024w, http:\/\/omerkoltuk.com\/wp-content\/uploads\/2021\/06\/prada-11-768x512.jpg 768w, http:\/\/omerkoltuk.com\/wp-content\/uploads\/2021\/06\/prada-11-1536x1024.jpg 1536w\" sizes=\"(max-width: 1575px) 100vw, 1575px\" \/>\t\t\t\t\t\t\t\t\t\t\t\t\t\t\t\t\t\t<\/div>\n\t\t\t\t<\/div>\n\n\t\t\t\t<div class=\"wrapper-content-baner\">\n\t\t\t\t\t<div class=\"banner-inner\">\n\t\t\t\t\t\t\t\t\t\t\t<\/div>\n\t\t\t\t<\/div>\n\n\t\t\t<\/div>\n\n\n\t\t[\/vc_column][\/vc_row][vc_row full_width=&#8221;stretch_row_content_no_spaces&#8221; content_placement=&#8221;middle&#8221; el_id=&#8221;mobil&#8221; el_class=&#8221;instagram-shad&#8221;][vc_column width=&#8221;1\/2&#8243; basel_color_scheme=&#8221;dark&#8221;]\n\t\t\t<div class=\"promo-banner text-center vertical-alignment-middle banner- hover- color-scheme-dark \"  >\n\n\t\t\t\t<div class=\"main-wrapp-img\">\n\t\t\t\t\t<div class=\"banner-image\">\n\t\t\t\t\t\t\t\t\t\t\t\t\t\t\t\t\t\t\t\t\t<img width=\"1024\" height=\"683\" src=\"http:\/\/omerkoltuk.com\/wp-content\/uploads\/2021\/06\/0-1.png\" class=\"promo-banner-image image-1 attachment-full\" alt=\"\" loading=\"lazy\" srcset=\"http:\/\/omerkoltuk.com\/wp-content\/uploads\/2021\/06\/0-1.png 1024w, http:\/\/omerkoltuk.com\/wp-content\/uploads\/2021\/06\/0-1-300x200.png 300w, http:\/\/omerkoltuk.com\/wp-content\/uploads\/2021\/06\/0-1-768x512.png 768w\" sizes=\"(max-width: 1024px) 100vw, 1024px\" \/>\t\t\t\t\t\t\t\t\t\t\t\t\t\t\t\t\t\t<\/div>\n\t\t\t\t<\/div>\n\n\t\t\t\t<div class=\"wrapper-content-baner\">\n\t\t\t\t\t<div class=\"banner-inner\">\n\t\t\t\t\t\t<\/p>\n<h1 style=\"text-align: left; font-family: Montserrat; font-weight: Bold; font-size: 26px;\">KOLTUK TAKIMLARI<\/h1>\n<p style=\"text-align: left; font-family: Montserrat; font-size: 10px;\">Sade tasar\u0131m\u0131 ve evi saran auras\u0131yla<br \/>\nPrada Koltuk Tak\u0131m\u0131, size konforlu<br \/>\nbir kullan\u0131m sa\u011flar<\/p>\n<p>\n\t\t\t\t\t<\/div>\n\t\t\t\t<\/div>\n\n\t\t\t<\/div>\n\n\n\t\t[\/vc_column][vc_column width=&#8221;1\/2&#8243;]\n\t\t\t<div class=\"promo-banner text-left vertical-alignment-top banner- hover- color-scheme-light \"  >\n\n\t\t\t\t<div class=\"main-wrapp-img\">\n\t\t\t\t\t<div class=\"banner-image\">\n\t\t\t\t\t\t\t\t\t\t\t\t\t\t\t\t\t\t\t\t\t<img width=\"1575\" height=\"1050\" src=\"http:\/\/omerkoltuk.com\/wp-content\/uploads\/2021\/06\/prada-11.jpg\" class=\"promo-banner-image image-1 attachment-full\" alt=\"\" loading=\"lazy\" srcset=\"http:\/\/omerkoltuk.com\/wp-content\/uploads\/2021\/06\/prada-11.jpg 1575w, http:\/\/omerkoltuk.com\/wp-content\/uploads\/2021\/06\/prada-11-300x200.jpg 300w, http:\/\/omerkoltuk.com\/wp-content\/uploads\/2021\/06\/prada-11-1024x683.jpg 1024w, http:\/\/omerkoltuk.com\/wp-content\/uploads\/2021\/06\/prada-11-768x512.jpg 768w, http:\/\/omerkoltuk.com\/wp-content\/uploads\/2021\/06\/prada-11-1536x1024.jpg 1536w\" sizes=\"(max-width: 1575px) 100vw, 1575px\" \/>\t\t\t\t\t\t\t\t\t\t\t\t\t\t\t\t\t\t<\/div>\n\t\t\t\t<\/div>\n\n\t\t\t\t<div class=\"wrapper-content-baner\">\n\t\t\t\t\t<div class=\"banner-inner\">\n\t\t\t\t\t\t\t\t\t\t\t<\/div>\n\t\t\t\t<\/div>\n\n\t\t\t<\/div>\n\n\n\t\t[\/vc_column][\/vc_row][vc_row full_width=&#8221;stretch_row_content_no_spaces&#8221; css=&#8221;.vc_custom_1623252980595{padding-top: 280px !important;padding-bottom: 280px !important;background-image: url(http:\/\/omerkoltuk.com\/wp-content\/uploads\/2021\/06\/arkaplan.png?id=2112) !important;background-position: center !important;background-repeat: no-repeat !important;background-size: cover !important;}&#8221; el_class=&#8221;bg-fix&#8221;][vc_column][vc_custom_heading text=&#8221;F L O R A N S A&#8221; font_container=&#8221;tag:h1|font_size:45px|text_align:center|color:%23ffffff&#8221; google_fonts=&#8221;font_family:Montserrat%3Aregular%2C700|font_style:400%20regular%3A400%3Anormal&#8221;][vc_custom_heading text=&#8221;sofa set&#8221; font_container=&#8221;tag:h1|font_size:25px|text_align:center|color:%23ffffff&#8221; google_fonts=&#8221;font_family:Montserrat%3Aregular%2C700|font_style:400%20regular%3A400%3Anormal&#8221;]\n\t\t\t<div class=\"promo-banner text-center vertical-alignment-middle banner- hover- color-scheme-light \"  >\n\n\t\t\t\t<div class=\"main-wrapp-img\">\n\t\t\t\t\t<div class=\"banner-image\">\n\t\t\t\t\t\t\t\t\t\t\t\t\t\t\t\t\t\t\t\t\t<img width=\"963\" height=\"380\" src=\"http:\/\/omerkoltuk.com\/wp-content\/uploads\/2021\/06\/floransa.png\" class=\"promo-banner-image image-1 attachment-full\" alt=\"\" loading=\"lazy\" srcset=\"http:\/\/omerkoltuk.com\/wp-content\/uploads\/2021\/06\/floransa.png 963w, http:\/\/omerkoltuk.com\/wp-content\/uploads\/2021\/06\/floransa-300x118.png 300w, http:\/\/omerkoltuk.com\/wp-content\/uploads\/2021\/06\/floransa-768x303.png 768w\" sizes=\"(max-width: 963px) 100vw, 963px\" \/>\t\t\t\t\t\t\t\t\t\t\t\t\t\t\t\t\t\t<\/div>\n\t\t\t\t<\/div>\n\n\t\t\t\t<div class=\"wrapper-content-baner\">\n\t\t\t\t\t<div class=\"banner-inner\">\n\t\t\t\t\t\t\t\t\t\t\t<\/div>\n\t\t\t\t<\/div>\n\n\t\t\t<\/div>\n\n\n\t\t[vc_custom_heading text=&#8221;sofa set&#8221; font_container=&#8221;tag:h1|font_size:25px|text_align:center|color:%23ffffff&#8221; google_fonts=&#8221;font_family:Montserrat%3Aregular%2C700|font_style:400%20regular%3A400%3Anormal&#8221;][vc_custom_heading text=&#8221;F L O R A N S A&#8221; font_container=&#8221;tag:h1|font_size:45px|text_align:center|color:%23ffffff&#8221; google_fonts=&#8221;font_family:Montserrat%3Aregular%2C700|font_style:400%20regular%3A400%3Anormal&#8221;][\/vc_column][\/vc_row][vc_row full_width=&#8221;stretch_row&#8221; full_height=&#8221;yes&#8221; el_class=&#8221;instagram-shad&#8221;][vc_column]\n\t\t\t<div class=\"promo-banner text-center vertical-alignment-middle banner- hover- color-scheme-light \"  >\n\n\t\t\t\t<div class=\"main-wrapp-img\">\n\t\t\t\t\t<div class=\"banner-image\">\n\t\t\t\t\t\t\t\t\t\t\t\t\t\t\t\t\t\t\t\t\t<img width=\"360\" height=\"105\" src=\"http:\/\/omerkoltuk.com\/wp-content\/uploads\/2021\/06\/instagram-1.png\" class=\"promo-banner-image image-1 attachment-full\" alt=\"\" loading=\"lazy\" srcset=\"http:\/\/omerkoltuk.com\/wp-content\/uploads\/2021\/06\/instagram-1.png 360w, http:\/\/omerkoltuk.com\/wp-content\/uploads\/2021\/06\/instagram-1-300x88.png 300w\" sizes=\"(max-width: 360px) 100vw, 360px\" \/>\t\t\t\t\t\t\t\t\t\t\t\t\t\t\t\t\t\t<\/div>\n\t\t\t\t<\/div>\n\n\t\t\t\t<div class=\"wrapper-content-baner\">\n\t\t\t\t\t<div class=\"banner-inner\">\n\t\t\t\t\t\t\t\t\t\t\t<\/div>\n\t\t\t\t<\/div>\n\n\t\t\t<\/div>\n\n\n\t\t[vc_empty_space]\n\t\t\t<div class=\"promo-banner cursor-pointer text-center vertical-alignment-middle banner- hover- color-scheme-light \" onclick=\"window.location.href='#'\" >\n\n\t\t\t\t<div class=\"main-wrapp-img\">\n\t\t\t\t\t<div class=\"banner-image\">\n\t\t\t\t\t\t\t\t\t\t\t\t\t\t\t\t\t\t\t\t\t<img class=\"promo-banner-image image-1 \" src=\"http:\/\/omerkoltuk.com\/wp-content\/uploads\/2021\/06\/instagram-banner.png\" width=\"550\" height=\"550\" alt=\"instagram-banner\" title=\"instagram-banner\" \/>\t\t\t\t\t\t\t\t\t\t\t\t\t\t\t\t\t\t<\/div>\n\t\t\t\t<\/div>\n\n\t\t\t\t<div class=\"wrapper-content-baner\">\n\t\t\t\t\t<div class=\"banner-inner\">\n\t\t\t\t\t\t\t\t\t\t\t<\/div>\n\t\t\t\t<\/div>\n\n\t\t\t<\/div>\n\n\n\t\t[vc_empty_space][vc_custom_heading text=&#8221;@omerkoltukinegol&#8221; font_container=&#8221;tag:h1|font_size:26px|text_align:center&#8221; google_fonts=&#8221;font_family:Montserrat%3Aregular%2C700|font_style:700%20bold%20regular%3A700%3Anormal&#8221; link=&#8221;url:https%3A%2F%2Fwww.instagram.com%2Fomerkoltukinegoll%2F|title:%40omerkoltukinegol&#8221;][\/vc_column][\/vc_row][vc_row full_width=&#8221;stretch_row&#8221; full_height=&#8221;yes&#8221; content_placement=&#8221;middle&#8221;][vc_column width=&#8221;1\/2&#8243;][vc_column_text]<\/p>\n<h1 style=\"text-align: center; font-family: Montserrat; font-size: 24px;\"><strong>2021 KATALOG<\/strong><\/h1>\n<p>[\/vc_column_text][vc_column_text]<\/p>\n<h5 style=\"text-align: center; font-family: Montserrat; font-size: 12px;\">Ruhunuzu ortaya \u00e7\u0131karan zevkinize; \u015f\u0131k desen, doku ve formlar e\u015flik edecek 2021 \u00fcr\u00fcn katalo\u011fu.<\/h5>\n<p>[\/vc_column_text][vc_btn title=&#8221;\u0130NCELE &gt;&#8221; style=&#8221;outline&#8221; shape=&#8221;square&#8221; color=&#8221;black&#8221; align=&#8221;center&#8221; link=&#8221;url:%23&#8243;][\/vc_column][vc_column width=&#8221;1\/2&#8243;]\n\t\t\t<div class=\"promo-banner text-center vertical-alignment-top banner- hover- color-scheme-light \"  >\n\n\t\t\t\t<div class=\"main-wrapp-img\">\n\t\t\t\t\t<div class=\"banner-image\">\n\t\t\t\t\t\t\t\t\t\t\t\t\t\t\t\t\t\t\t\t\t<img width=\"614\" height=\"477\" src=\"http:\/\/omerkoltuk.com\/wp-content\/uploads\/2021\/06\/omer-koltuk-pdf.png\" class=\"promo-banner-image image-1 attachment-full\" alt=\"\" loading=\"lazy\" srcset=\"http:\/\/omerkoltuk.com\/wp-content\/uploads\/2021\/06\/omer-koltuk-pdf.png 614w, http:\/\/omerkoltuk.com\/wp-content\/uploads\/2021\/06\/omer-koltuk-pdf-300x233.png 300w\" sizes=\"(max-width: 614px) 100vw, 614px\" \/>\t\t\t\t\t\t\t\t\t\t\t\t\t\t\t\t\t\t<\/div>\n\t\t\t\t<\/div>\n\n\t\t\t\t<div class=\"wrapper-content-baner\">\n\t\t\t\t\t<div class=\"banner-inner\">\n\t\t\t\t\t\t\t\t\t\t\t<\/div>\n\t\t\t\t<\/div>\n\n\t\t\t<\/div>\n\n\n\t\t[\/vc_column][\/vc_row][vc_row content_placement=&#8221;middle&#8221; disable_element=&#8221;yes&#8221; css=&#8221;.vc_custom_1623749063288{margin-top: 32px !important;background-color: #f4f4f4 !important;}&#8221;][vc_column][vc_column_text]<\/p>\n<h1 style=\"text-align: center; font-family: Montserrat Regular; font-weight: Bold;\">HAKKIMIZDA<\/h1>\n<p>[\/vc_column_text][vc_separator color=&#8221;mulled_wine&#8221; el_width=&#8221;10&#8243;][vc_row_inner content_placement=&#8221;middle&#8221;][vc_column_inner][vc_column_text]<\/p>\n<p style=\"text-align: center;\">Daima y\u00fcksek kalitede \u00fcretim yapmay\u0131 ama\u00e7layan, s\u00fcrekli geli\u015fen teknoloji ile birlikte geli\u015fmeyi kendine ama\u00e7 ve ilke edinen firmam\u0131z i\u00e7in, m\u00fc\u015fteri memnuniyetini her zaman \u00f6n planda tutmak ve kalite y\u00f6netim sistemi \u015fartlar\u0131na uymak \u00f6ncelikli g\u00f6revimizdir.<\/p>\n<p style=\"text-align: center;\">Kaliteli \u00fcr\u00fcn ya da hizmet, rastlant\u0131lar\u0131n de\u011fil, sistemli \u00e7al\u0131\u015fmalar\u0131n sonucudur. \u0130malat alan\u0131m\u0131z ve makinelerimiz, uzman kadrolarla birlikte s\u00fcrekli yenilenmektedir. Bu da \u00fcretim saham\u0131z\u0131n s\u00fcrekli ve g\u00fc\u00e7l\u00fc bir \u015fekilde b\u00fcy\u00fcd\u00fc\u011f\u00fcn\u00fcn g\u00f6stergesidir.<\/p>\n<p>[\/vc_column_text][\/vc_column_inner][\/vc_row_inner][\/vc_column][\/vc_row]<\/p>\n","protected":false},"excerpt":{"rendered":"<p>[vc_row full_width=&#8221;stretch_row_content_no_spaces&#8221; css_animation=&#8221;fadeIn&#8221; css=&#8221;.vc_custom_1623252739554{margin-top: 40px !important;margin-bottom: 0px !important;}&#8221;][vc_column][rev_slider_vc alias=&#8221;fashion-new&#8221;][\/vc_column][\/vc_row][vc_row content_placement=&#8221;middle&#8221; css=&#8221;.vc_custom_1609851757991{margin-top: 85px !important;margin-bottom: 15px !important;}&#8221; el_id=&#8221;pc&#8221; el_class=&#8221;pc&#8221;][vc_column][vc_column_text] KOLEKS\u0130YONLAR [\/vc_column_text][vc_separator color=&#8221;black&#8221;<\/p>\n","protected":false},"author":1,"featured_media":0,"parent":0,"menu_order":0,"comment_status":"closed","ping_status":"closed","template":"","meta":[],"_links":{"self":[{"href":"http:\/\/omerkoltuk.com\/index.php\/wp-json\/wp\/v2\/pages\/1250"}],"collection":[{"href":"http:\/\/omerkoltuk.com\/index.php\/wp-json\/wp\/v2\/pages"}],"about":[{"href":"http:\/\/omerkoltuk.com\/index.php\/wp-json\/wp\/v2\/types\/page"}],"author":[{"embeddable":true,"href":"http:\/\/omerkoltuk.com\/index.php\/wp-json\/wp\/v2\/users\/1"}],"replies":[{"embeddable":true,"href":"http:\/\/omerkoltuk.com\/index.php\/wp-json\/wp\/v2\/comments?post=1250"}],"version-history":[{"count":86,"href":"http:\/\/omerkoltuk.com\/index.php\/wp-json\/wp\/v2\/pages\/1250\/revisions"}],"predecessor-version":[{"id":2148,"href":"http:\/\/omerkoltuk.com\/index.php\/wp-json\/wp\/v2\/pages\/1250\/revisions\/2148"}],"wp:attachment":[{"href":"http:\/\/omerkoltuk.com\/index.php\/wp-json\/wp\/v2\/media?parent=1250"}],"curies":[{"name":"wp","href":"https:\/\/api.w.org\/{rel}","templated":true}]}}